{"id":36,"date":"2025-02-11T13:36:32","date_gmt":"2025-02-11T13:36:32","guid":{"rendered":"https:\/\/honerod.no\/?page_id=36"},"modified":"2025-07-01T12:14:30","modified_gmt":"2025-07-01T12:14:30","slug":"prosjektbeskrivelse","status":"publish","type":"page","link":"https:\/\/honerod.no\/index.php\/prosjektbeskrivelse\/","title":{"rendered":"Prosjektbeskrivelse"},"content":{"rendered":"\n<p>Honer\u00f8dgrenda Utbyggingselskap SA \u00f8nsker \u00e5 utbedre eksisterende VA-trase p\u00e5 Honer\u00f8d Tj\u00f8me, og koble seg til kommunalt VA-nett. Dette har bakgrunn i et varslet p\u00e5legg om tilknytning fra F\u00e6rder kommune.<\/p>\n\n\n\n<p>Den nye VA-traseen blir ca. 680 meter lang, og best\u00e5r av ny spillvannsledning 110 mm PVC og ny vannledning 100 mm PE, i tillegg skal det legges ned en ny OV-ledning 400 mm PP p\u00e5 en del av strekningen.<br>Ledningene vil f\u00e5 en overdekning fra 0,7 till 1,6 meter &#8211; og tilpasses eksisterende ledninger i startpunktet i s\u00f8r.<br>Det skal etableres fem nye kumgrupper langs traseen.<\/p>\n\n\n\n<p>Tilkoblingspunkt mellom ny og eksisterende anlegg vil bli i enden av Maries vei, og beskrives under: Spillvannskummen blir en ny 1000 mm betongkum og sees p\u00e5 eksisterende ledning. Kummen blir st\u00e5ende p\u00e5 grensen mellom GBnr. 214\/39 og 214\/16.<br>Vannkummen skal v\u00e6re en 1600 mm betongkum, og erstatter eksisterende kum 66862. Kummen blir st\u00e5ende p\u00e5 GBnr.214\/39. Utskiftning av vannkummen blir gjort av F\u00e6rder kommune.<\/p>\n\n\n\n<p>Omr\u00e5det som blir ber\u00f8rt av VA-anlegget, vil etter endt anlegg tilbakef\u00f8res til opprinnelig stand (eller bedre).<br>Tiltaket vil som helhet utgj\u00f8re en klar forbedring av eksisterende vann- og avl\u00f8pssituasjon i omr\u00e5det, og vil bidra til \u00e5 n\u00e5 m\u00e5lene til F\u00e6rder kommune om \u00e5 begrense forurensning.<br>Fordelene med tiltaket vil klart overskygge de evt. midlertidige ulempene ved byggingen av anlegget.<\/p>\n\n\n\n<p><\/p>\n\n\n\n<p><strong>Fase 1:<\/strong> Byggs\u00f8knad &#8211; Godkjent. Lenke til byggesak: <a href=\"https:\/\/faerder.kommune.no\/politikk-og-samfunn\/politikk\/innsyn\/sok-i-postliste\/#\/details\/a-a7c0ba20__2be1__41f8__be52__12e3a44028f8-2022049729!ZMRl4J\/d-a7c0ba20__2be1__41f8__be52__12e3a44028f8-2022238328!iLlm4W\" target=\"_blank\" rel=\"noreferrer noopener\">Dokumenter<\/a><\/p>\n\n\n\n<p><strong>Fase 2:<\/strong> Oppstart av graving antas \u00e5 starte i september 2025.<\/p>\n\n\n\n<p><strong>Fase 3:<\/strong> Ferdigstilling desember 2025. Det beregnes 2-3 mnd med arbeid.<\/p>\n\n\n\n<p><strong>Fase 4:<\/strong> Overtagelse til F\u00e6rder.<\/p>\n\n\n\n<p><a href=\"https:\/\/faerder.kommune.no\/tjenester\/vann-avlop-renovasjon-natur-klima-og-forurensing\/vann-og-avlop\/tilskuddsordning-for-vann-og-avlop\/\">S\u00f8knad om tilskudd<\/a> for private stikkledninger.<\/p>\n\n\n\n<div data-wp-interactive=\"core\/file\" class=\"wp-block-file\"><object data-wp-bind--hidden=\"!state.hasPdfPreview\" hidden class=\"wp-block-file__embed\" data=\"https:\/\/honerod.no\/wp-content\/uploads\/2025\/03\/Folgebrev_Honerodgrenda_Soknadstekst-1.pdf\" type=\"application\/pdf\" style=\"width:100%;height:600px\" aria-label=\"Innbygging av F\u00f8lgebrev_Honer\u00f8dgrenda_S\u00f8knadstekst\"><\/object><a id=\"wp-block-file--media-fdac26cd-e5ef-4c0e-801c-b4662f50835f\" href=\"https:\/\/honerod.no\/wp-content\/uploads\/2025\/03\/Folgebrev_Honerodgrenda_Soknadstekst-1.pdf\">F\u00f8lgebrev_Honer\u00f8dgrenda_S\u00f8knadstekst<\/a><a href=\"https:\/\/honerod.no\/wp-content\/uploads\/2025\/03\/Folgebrev_Honerodgrenda_Soknadstekst-1.pdf\" class=\"wp-block-file__button wp-element-button\" download aria-describedby=\"wp-block-file--media-fdac26cd-e5ef-4c0e-801c-b4662f50835f\">Last ned<\/a><\/div>\n\n\n\n<p>Entrepen\u00f8r er <a href=\"http:\/\/ommedalogsonner.no\/\">Ommedal og S\u00f8nner AS<\/a><\/p>\n\n\n<div class=\"wp-block-image\">\n<figure class=\"aligncenter size-full\"><img loading=\"lazy\" decoding=\"async\" width=\"801\" height=\"125\" src=\"https:\/\/honerod.no\/wp-content\/uploads\/2025\/03\/ommedal-logo.png\" alt=\"\" class=\"wp-image-126\" srcset=\"https:\/\/honerod.no\/wp-content\/uploads\/2025\/03\/ommedal-logo.png 801w, https:\/\/honerod.no\/wp-content\/uploads\/2025\/03\/ommedal-logo-300x47.png 300w, https:\/\/honerod.no\/wp-content\/uploads\/2025\/03\/ommedal-logo-768x120.png 768w\" sizes=\"auto, (max-width: 801px) 100vw, 801px\" \/><\/figure>\n<\/div>\n\n\n<p><\/p>\n","protected":false},"excerpt":{"rendered":"<p>Honer\u00f8dgrenda Utbyggingselskap SA \u00f8nsker \u00e5 utbedre eksisterende VA-trase p\u00e5 Honer\u00f8d Tj\u00f8me, og koble seg til kommunalt VA-nett. Dette har bakgrunn i et varslet p\u00e5legg om [&hellip;]<\/p>\n","protected":false},"author":1,"featured_media":0,"parent":0,"menu_order":0,"comment_status":"closed","ping_status":"closed","template":"","meta":{"footnotes":""},"class_list":["post-36","page","type-page","status-publish","hentry"],"_links":{"self":[{"href":"https:\/\/honerod.no\/index.php\/wp-json\/wp\/v2\/pages\/36","targetHints":{"allow":["GET"]}}],"collection":[{"href":"https:\/\/honerod.no\/index.php\/wp-json\/wp\/v2\/pages"}],"about":[{"href":"https:\/\/honerod.no\/index.php\/wp-json\/wp\/v2\/types\/page"}],"author":[{"embeddable":true,"href":"https:\/\/honerod.no\/index.php\/wp-json\/wp\/v2\/users\/1"}],"replies":[{"embeddable":true,"href":"https:\/\/honerod.no\/index.php\/wp-json\/wp\/v2\/comments?post=36"}],"version-history":[{"count":13,"href":"https:\/\/honerod.no\/index.php\/wp-json\/wp\/v2\/pages\/36\/revisions"}],"predecessor-version":[{"id":132,"href":"https:\/\/honerod.no\/index.php\/wp-json\/wp\/v2\/pages\/36\/revisions\/132"}],"wp:attachment":[{"href":"https:\/\/honerod.no\/index.php\/wp-json\/wp\/v2\/media?parent=36"}],"curies":[{"name":"wp","href":"https:\/\/api.w.org\/{rel}","templated":true}]}}